{"id":48,"date":"2025-07-12T00:26:34","date_gmt":"2025-07-12T00:26:34","guid":{"rendered":"https:\/\/3garunastoreusa.com\/frequently-asked-questions\/"},"modified":"2025-08-09T20:23:39","modified_gmt":"2025-08-10T01:23:39","slug":"frequently-asked-questions","status":"publish","type":"page","link":"https:\/\/3garunastoreusa.com\/es\/frequently-asked-questions\/","title":{"rendered":"Frequently Asked Questions"},"content":{"rendered":"<h3>\u00bfCu\u00e1nto cobran por el env\u00edo?<\/h3>\n<p>Ofrecemos env\u00edo gratuito a m\u00e1s de 200 pa\u00edses de todo el mundo*.<br \/>*con algunas excepciones<\/p>\n<h3>Will I be charged any shipping, customs, or duties fees?<\/h3>\n<p>No, the price you see is the price you pay &#8211; you won&#8217;t be charged any extra fees.<\/p>\n<h3>When will you ship my order?<\/h3>\n<p>If you order an in-stock item, we\u2019ll ship it within 3 working days.<\/p>\n<h3>How long will my order take to arrive?<\/h3>\n<p>Orders are shipped by EMS or USPS. Typically, delivery takes 5-20 working days after dispatch, but it may take longer due to factors beyond our control.<\/p>\n<h3>Do you provide tracking information?<\/h3>\n<p>You will receive your tracking information within 3-5 working days. But sometimes tracking might not be available if free shipping applies. In this case, please contact us at support3g@3garunastoreusa.com<\/p>\n<h3>Can I cancel my order?<\/h3>\n<p>You can change or cancel your order within 12 hours. Please contact us at support3g@3garunastoreusa.com<\/p>\n\n\n<p><\/p>","protected":false},"excerpt":{"rendered":"<p>How much do you charge for shipping? We provide free shipping to over 200 countries around the world**with some exceptions Will I be charged any shipping, customs, or duties fees? No, the price you see is the price you pay &#8211; you won&#8217;t be charged any extra fees. When will&#8230;<\/p>","protected":false},"author":1,"featured_media":0,"parent":0,"menu_order":0,"comment_status":"closed","ping_status":"closed","template":"","meta":{"footnotes":""},"class_list":["post-48","page","type-page","status-publish","hentry"],"_links":{"self":[{"href":"https:\/\/3garunastoreusa.com\/es\/wp-json\/wp\/v2\/pages\/48","targetHints":{"allow":["GET"]}}],"collection":[{"href":"https:\/\/3garunastoreusa.com\/es\/wp-json\/wp\/v2\/pages"}],"about":[{"href":"https:\/\/3garunastoreusa.com\/es\/wp-json\/wp\/v2\/types\/page"}],"author":[{"embeddable":true,"href":"https:\/\/3garunastoreusa.com\/es\/wp-json\/wp\/v2\/users\/1"}],"replies":[{"embeddable":true,"href":"https:\/\/3garunastoreusa.com\/es\/wp-json\/wp\/v2\/comments?post=48"}],"version-history":[{"count":3,"href":"https:\/\/3garunastoreusa.com\/es\/wp-json\/wp\/v2\/pages\/48\/revisions"}],"predecessor-version":[{"id":237,"href":"https:\/\/3garunastoreusa.com\/es\/wp-json\/wp\/v2\/pages\/48\/revisions\/237"}],"wp:attachment":[{"href":"https:\/\/3garunastoreusa.com\/es\/wp-json\/wp\/v2\/media?parent=48"}],"curies":[{"name":"wp","href":"https:\/\/api.w.org\/{rel}","templated":true}]}}